{"id":77,"date":"2017-06-07T21:13:08","date_gmt":"2017-06-07T21:13:08","guid":{"rendered":"http:\/\/themes.uxbarn.com\/wp\/kathy-dummy\/?page_id=14"},"modified":"2026-03-05T22:16:01","modified_gmt":"2026-03-05T22:16:01","slug":"about-kathy-paulson","status":"publish","type":"page","link":"https:\/\/alejandrogrispo.com.ar\/?page_id=77","title":{"rendered":"Bio"},"content":{"rendered":"<p><span style=\"font-weight: 400;\">Fot\u00f3grafo, filmmaker y docente, con sede en CABA, Argentina. <\/span><span style=\"font-weight: 400;\">Mis \u00e1reas de trabajo incluyen la fotograf\u00eda y el video comercial, prensa, eventos sociales y corporativos, y el registro de obras de arte.<\/span><\/p>\n\n\n<p><\/p>\n","protected":false},"excerpt":{"rendered":"<p>Fot\u00f3grafo, filmmaker y docente, con sede en CABA, Argentina. Mis \u00e1reas de trabajo incluyen la fotograf\u00eda y el video comercial, prensa, eventos sociales y corporativos, y el registro de obras de arte.<\/p>\n","protected":false},"author":1,"featured_media":76,"parent":0,"menu_order":0,"comment_status":"closed","ping_status":"closed","template":"","meta":{"footnotes":""},"class_list":["post-77","page","type-page","status-publish","has-post-thumbnail","hentry"],"acf":[],"_hostinger_reach_plugin_has_subscription_block":false,"_hostinger_reach_plugin_is_elementor":false,"_links":{"self":[{"href":"https:\/\/alejandrogrispo.com.ar\/index.php?rest_route=\/wp\/v2\/pages\/77","targetHints":{"allow":["GET"]}}],"collection":[{"href":"https:\/\/alejandrogrispo.com.ar\/index.php?rest_route=\/wp\/v2\/pages"}],"about":[{"href":"https:\/\/alejandrogrispo.com.ar\/index.php?rest_route=\/wp\/v2\/types\/page"}],"author":[{"embeddable":true,"href":"https:\/\/alejandrogrispo.com.ar\/index.php?rest_route=\/wp\/v2\/users\/1"}],"replies":[{"embeddable":true,"href":"https:\/\/alejandrogrispo.com.ar\/index.php?rest_route=%2Fwp%2Fv2%2Fcomments&post=77"}],"version-history":[{"count":6,"href":"https:\/\/alejandrogrispo.com.ar\/index.php?rest_route=\/wp\/v2\/pages\/77\/revisions"}],"predecessor-version":[{"id":199,"href":"https:\/\/alejandrogrispo.com.ar\/index.php?rest_route=\/wp\/v2\/pages\/77\/revisions\/199"}],"wp:featuredmedia":[{"embeddable":true,"href":"https:\/\/alejandrogrispo.com.ar\/index.php?rest_route=\/wp\/v2\/media\/76"}],"wp:attachment":[{"href":"https:\/\/alejandrogrispo.com.ar\/index.php?rest_route=%2Fwp%2Fv2%2Fmedia&parent=77"}],"curies":[{"name":"wp","href":"https:\/\/api.w.org\/{rel}","templated":true}]}}